{"id":2408,"date":"2025-01-12T06:02:22","date_gmt":"2025-01-12T03:02:22","guid":{"rendered":"https:\/\/beespenser.com\/shop\/?post_type=product&#038;p=2243"},"modified":"2025-04-01T15:15:00","modified_gmt":"2025-04-01T12:15:00","slug":"150-mikron-mavi-subrex-uc-4-adet","status":"publish","type":"product","link":"https:\/\/beespenser.com\/shop\/tr\/product\/150-mikron-mavi-subrex-uc-4-adet\/","title":{"rendered":"150 mikron Mavi Subrex U\u00e7 (4 adet)"},"content":{"rendered":"<div class=\"wpb-content-wrapper\"><p>[vc_row full_width=&#8221;stretch_row&#8221; el_class=&#8221;product-detail&#8221; css=&#8221;.vc_custom_1736641453503{background-color: #FFFFFF !important;}&#8221;][vc_column]<div id=\"cz_81050\" class=\"cz_81050 cz_tabs clr cz_tabs_htc\"><div class=\"cz_tabs_content\"><a class=\"cz_tab_a hide\" data-tab=\"cz_27874\" href=\"#\"><span class=\"cz_tab_in_title\">D\u00f6k\u00fcmanlar<\/span><\/a><div id=\"cz_27874\" class=\"cz_tab\"><div>[vc_row_inner][vc_column_inner][vc_column_text css=&#8221;&#8221;]<\/p>\n<h3>D\u00f6k\u00fcmanlar<\/h3>\n<p>Beespenser Monobee cihaz\u0131n\u0131z\u0131 etkili \u015fekilde anlaman\u0131za ve kullanman\u0131za yard\u0131mc\u0131 olacak detayl\u0131 kaynaklara eri\u015fin. A\u015fa\u011f\u0131daki butonlara t\u0131klayarak indirilebilir.<\/p>\n<p><strong>Monobee Kullan\u0131m K\u0131lavuzu<\/strong><br \/>\nMonobee cihaz\u0131n\u0131z\u0131 kurmak ve kullanmak i\u00e7in kapsaml\u0131 rehber.<br \/>\n<a class=\"document-button\" href=\"#\">D\u00f6k\u00fcman\u0131 G\u00f6r\u00fcnt\u00fcle<\/a><\/p>\n<p><strong>Teknik \u00d6zellikler Sayfas\u0131<\/strong><br \/>\nM\u00fchendisler ve ara\u015ft\u0131rmac\u0131lar i\u00e7in detayl\u0131 teknik bilgiler.<br \/>\n<a class=\"link-button\" href=\"#\">G\u00f6r\u00fcnt\u00fcle<\/a>[\/vc_column_text][\/vc_column_inner][\/vc_row_inner]<\/div><\/div><a class=\"cz_tab_a hide\" data-tab=\"cz_29188\" href=\"#\"><span class=\"cz_tab_in_title\">Garanti ve Teslimat<\/span><\/a><div id=\"cz_29188\" class=\"cz_tab\"><div>[vc_row_inner][vc_column_inner][vc_column_text css=&#8221;&#8221;]<\/p>\n<h3>Garanti ve Teslimat<\/h3>\n<ul>\n<li><strong>Garanti:<\/strong><br \/>\nBeespenser Monobee, <strong>1 y\u0131l \u00fcretici garantisi<\/strong> ile birlikte gelir. Bu garanti, normal kullan\u0131m ko\u015fullar\u0131nda olu\u015fabilecek malzeme veya i\u015f\u00e7ilik hatalar\u0131n\u0131 kapsar. Talep \u00fczerine uzat\u0131lm\u0131\u015f garanti se\u00e7enekleri sunulabilir.<\/li>\n<li><strong>Teslimat:<\/strong><br \/>\nStandart teslimat s\u00fcresi, sipari\u015f onay tarihinden itibaren <strong>2-4 hafta<\/strong> aral\u0131\u011f\u0131ndad\u0131r. Acil ihtiya\u00e7lar i\u00e7in h\u0131zl\u0131 g\u00f6nderim se\u00e7enekleri mevcuttur. T\u00fcm g\u00f6nderimler, cihaz\u0131n sa\u011flam \u015fekilde ula\u015fmas\u0131n\u0131 sa\u011flamak amac\u0131yla g\u00fcvenli ambalajla yap\u0131l\u0131r.<\/li>\n<li><strong>M\u00fc\u015fteri Deste\u011fi:<\/strong><br \/>\nHer sat\u0131n al\u0131mda <strong>7\/24 teknik destek<\/strong> ve ba\u015flang\u0131\u00e7 deste\u011fi sunulur. Uzman ekibimiz, Monobee\u2019yi en iyi \u015fekilde kullanman\u0131z i\u00e7in her zaman yan\u0131n\u0131zdad\u0131r.<\/li>\n<\/ul>\n<p>[\/vc_column_text][\/vc_column_inner][\/vc_row_inner]<\/div><\/div><a class=\"cz_tab_a hide\" data-tab=\"cz_32655\" href=\"#\"><span class=\"cz_tab_in_title\">Teknik Bilgiler<\/span><\/a><div id=\"cz_32655\" class=\"cz_tab\"><div>[vc_row_inner][vc_column_inner][vc_column_text css=&#8221;&#8221;]<\/p>\n<h3 class=\"\" data-start=\"527\" data-end=\"547\">Kutu \u0130\u00e7eri\u011fi<\/h3>\n<ul data-start=\"549\" data-end=\"665\" data-is-last-node=\"\" data-is-only-node=\"\">\n<li class=\"\" data-start=\"549\" data-end=\"588\">\n<p class=\"\" data-start=\"551\" data-end=\"588\">1 adet <strong data-start=\"558\" data-end=\"586\">150 \u00b5m Mavi Subrex Nozul<\/strong><\/p>\n<\/li>\n<li class=\"\" data-start=\"589\" data-end=\"616\">\n<p class=\"\" data-start=\"591\" data-end=\"616\">Koruyucu saklama kutusu<\/p>\n<\/li>\n<li class=\"\" data-start=\"617\" data-end=\"665\">\n<p class=\"\" data-start=\"619\" data-end=\"665\">Kurulum ve bak\u0131m i\u00e7in h\u0131zl\u0131 ba\u015flang\u0131\u00e7 k\u0131lavuzu<\/p>\n<\/li>\n<\/ul>\n<p>[\/vc_column_text][\/vc_column_inner][\/vc_row_inner]<\/div><\/div><a class=\"cz_tab_a hide\" data-tab=\"cz_82103\" href=\"#\"><span class=\"cz_tab_in_title\">\u00dcr\u00fcn Detay\u0131<\/span><\/a><div id=\"cz_82103\" class=\"cz_tab\"><div>[vc_row_inner][vc_column_inner][vc_column_text css=&#8221;&#8221;]<\/p>\n<h3 class=\"\" data-start=\"184\" data-end=\"205\">\u00dcr\u00fcn Detay\u0131<\/h3>\n<p class=\"\" data-start=\"206\" data-end=\"520\"><strong data-start=\"206\" data-end=\"234\">150 \u00b5m Mavi Subrex Nozul<\/strong>, hassasiyet ve dayan\u0131kl\u0131l\u0131k g\u00f6zetilerek tasarlanm\u0131\u015ft\u0131r; p\u00fcr\u00fczs\u00fcz ve tutarl\u0131 bir ak\u0131\u015f sa\u011flar. Y\u00fcksek kaliteli malzemelerden \u00fcretilmi\u015f olup, a\u015f\u0131nmaya ve kimyasal etkilere kar\u015f\u0131 diren\u00e7lidir. Otomatik dozajlama sistemleri, laboratuvar uygulamalar\u0131 ve hassas \u00fcretim s\u00fcre\u00e7leri i\u00e7in idealdir.<\/p>\n<p>[\/vc_column_text][\/vc_column_inner][\/vc_row_inner]<\/div><\/div><\/div><\/div>[\/vc_column][\/vc_row]<\/p>\n<\/div>","protected":false},"excerpt":{"rendered":"<p>Y\u00fcksek Kaliteli 150 \u00b5m Mavi Subrex Nozul Seti (4 adet) End\u00fcstriyel &#8230; <\/p>\n","protected":false},"featured_media":2349,"template":"","meta":[],"product_brand":[],"product_cat":[147],"product_tag":[],"class_list":{"0":"post-2408","1":"product","2":"type-product","3":"status-publish","4":"has-post-thumbnail","6":"product_cat-aksesuar","8":"first","9":"instock","10":"sale","11":"taxable","12":"shipping-taxable","13":"purchasable","14":"product-type-simple"},"lang":"tr","translations":{"tr":2408,"en":2243},"pll_sync_post":[],"_links":{"self":[{"href":"https:\/\/beespenser.com\/shop\/wp-json\/wp\/v2\/product\/2408","targetHints":{"allow":["GET"]}}],"collection":[{"href":"https:\/\/beespenser.com\/shop\/wp-json\/wp\/v2\/product"}],"about":[{"href":"https:\/\/beespenser.com\/shop\/wp-json\/wp\/v2\/types\/product"}],"wp:featuredmedia":[{"embeddable":true,"href":"https:\/\/beespenser.com\/shop\/wp-json\/wp\/v2\/media\/2349"}],"wp:attachment":[{"href":"https:\/\/beespenser.com\/shop\/wp-json\/wp\/v2\/media?parent=2408"}],"wp:term":[{"taxonomy":"product_brand","embeddable":true,"href":"https:\/\/beespenser.com\/shop\/wp-json\/wp\/v2\/product_brand?post=2408"},{"taxonomy":"product_cat","embeddable":true,"href":"https:\/\/beespenser.com\/shop\/wp-json\/wp\/v2\/product_cat?post=2408"},{"taxonomy":"product_tag","embeddable":true,"href":"https:\/\/beespenser.com\/shop\/wp-json\/wp\/v2\/product_tag?post=2408"}],"curies":[{"name":"wp","href":"https:\/\/api.w.org\/{rel}","templated":true}]}}