{"id":2404,"date":"2025-01-13T08:20:30","date_gmt":"2025-01-13T05:20:30","guid":{"rendered":"https:\/\/beespenser.com\/shop\/?post_type=product&#038;p=2270"},"modified":"2025-04-01T15:10:14","modified_gmt":"2025-04-01T12:10:14","slug":"tt-serisi-27g-plastik-dar-uclu-igne-ucu-1-2-127-mm-30-adet","status":"publish","type":"product","link":"https:\/\/beespenser.com\/shop\/tr\/product\/tt-serisi-27g-plastik-dar-uclu-igne-ucu-1-2-127-mm-30-adet\/","title":{"rendered":"TT Serisi 27G Plastik Dar U\u00e7lu \u0130\u011fne Ucu 1\/2&#8243; &#8211; 12,7 mm (30 adet)"},"content":{"rendered":"<div class=\"wpb-content-wrapper\"><p>[vc_row full_width=&#8221;stretch_row&#8221; el_class=&#8221;product-detail&#8221; css=&#8221;.vc_custom_1736641453503{background-color: #FFFFFF !important;}&#8221;][vc_column]<div id=\"cz_81050\" class=\"cz_81050 cz_tabs clr cz_tabs_htc\"><div class=\"cz_tabs_content\"><a class=\"cz_tab_a hide\" data-tab=\"cz_27874\" href=\"#\"><span class=\"cz_tab_in_title\">D\u00f6k\u00fcmanlar<\/span><\/a><div id=\"cz_27874\" class=\"cz_tab\"><div>[vc_row_inner][vc_column_inner][vc_column_text css=&#8221;&#8221;]<\/p>\n<p>D\u00f6k\u00fcmanlar<\/p>\n<p>Beespenser Monobee cihaz\u0131n\u0131z\u0131 etkili \u015fekilde anlaman\u0131za ve kullanman\u0131za yard\u0131mc\u0131 olacak detayl\u0131 kaynaklara eri\u015fin. A\u015fa\u011f\u0131daki butonlara t\u0131klayarak indirilebilir.<\/p>\n<p>Monobee Kullan\u0131m K\u0131lavuzu<br \/>\nMonobee cihaz\u0131n\u0131z\u0131 kurmak ve kullanmak i\u00e7in kapsaml\u0131 rehber.<br \/>\nD\u00f6k\u00fcman\u0131 G\u00f6r\u00fcnt\u00fcle<\/p>\n<p>Teknik \u00d6zellikler Sayfas\u0131<br \/>\nM\u00fchendisler ve ara\u015ft\u0131rmac\u0131lar i\u00e7in detayl\u0131 teknik bilgiler.<br \/>\nG\u00f6r\u00fcnt\u00fcle[\/vc_column_text][\/vc_column_inner][\/vc_row_inner]<\/div><\/div><a class=\"cz_tab_a hide\" data-tab=\"cz_29188\" href=\"#\"><span class=\"cz_tab_in_title\">Garanti ve Teslimat<\/span><\/a><div id=\"cz_29188\" class=\"cz_tab\"><div>[vc_row_inner][vc_column_inner][vc_column_text css=&#8221;&#8221;]<\/p>\n<p>Garanti ve Teslimat<br \/>\nGaranti:<br \/>\nBeespenser Monobee, 1 y\u0131l \u00fcretici garantisi ile birlikte gelir. Bu garanti, normal kullan\u0131m ko\u015fullar\u0131nda olu\u015fabilecek malzeme veya i\u015f\u00e7ilik hatalar\u0131n\u0131 kapsar. Talep \u00fczerine uzat\u0131lm\u0131\u015f garanti se\u00e7enekleri sunulabilir.<br \/>\nTeslimat:<br \/>\nStandart teslimat s\u00fcresi, sipari\u015f onay tarihinden itibaren 2-4 hafta aral\u0131\u011f\u0131ndad\u0131r. Acil ihtiya\u00e7lar i\u00e7in h\u0131zl\u0131 g\u00f6nderim se\u00e7enekleri mevcuttur. T\u00fcm g\u00f6nderimler, cihaz\u0131n sa\u011flam \u015fekilde ula\u015fmas\u0131n\u0131 sa\u011flamak amac\u0131yla g\u00fcvenli ambalajla yap\u0131l\u0131r.<br \/>\nM\u00fc\u015fteri Deste\u011fi:<br \/>\nHer sat\u0131n al\u0131mda 7\/24 teknik destek ve ba\u015flang\u0131\u00e7 deste\u011fi sunulur. Uzman ekibimiz, Monobee\u2019yi en iyi \u015fekilde kullanman\u0131z i\u00e7in her zaman yan\u0131n\u0131zdad\u0131r.<\/p>\n<p>[\/vc_column_text][\/vc_column_inner][\/vc_row_inner]<\/div><\/div><a class=\"cz_tab_a hide\" data-tab=\"cz_32655\" href=\"#\"><span class=\"cz_tab_in_title\">Teknik Bilgiler<\/span><\/a><div id=\"cz_32655\" class=\"cz_tab\"><div>[vc_row_inner][vc_column_inner][vc_column_text css=&#8221;&#8221;]<\/p>\n<h3 class=\"\" data-start=\"576\" data-end=\"596\">Kutu \u0130\u00e7eri\u011fi<\/h3>\n<ul data-start=\"598\" data-end=\"714\" data-is-last-node=\"\" data-is-only-node=\"\">\n<li class=\"\" data-start=\"598\" data-end=\"637\">\n<p class=\"\" data-start=\"600\" data-end=\"637\">1 adet <strong data-start=\"607\" data-end=\"635\">150 \u00b5m Mavi Subrex Nozul<\/strong><\/p>\n<\/li>\n<li class=\"\" data-start=\"638\" data-end=\"665\">\n<p class=\"\" data-start=\"640\" data-end=\"665\">Koruyucu saklama kutusu<\/p>\n<\/li>\n<li class=\"\" data-start=\"666\" data-end=\"714\">\n<p class=\"\" data-start=\"668\" data-end=\"714\">Kurulum ve bak\u0131m i\u00e7in h\u0131zl\u0131 ba\u015flang\u0131\u00e7 k\u0131lavuzu<\/p>\n<\/li>\n<\/ul>\n<p>[\/vc_column_text][\/vc_column_inner][\/vc_row_inner]<\/div><\/div><a class=\"cz_tab_a hide\" data-tab=\"cz_82103\" href=\"#\"><span class=\"cz_tab_in_title\">\u00dcr\u00fcn Detay\u0131<\/span><\/a><div id=\"cz_82103\" class=\"cz_tab\"><div>[vc_row_inner][vc_column_inner][vc_column_text css=&#8221;&#8221;]<\/p>\n<h3 class=\"\" data-start=\"204\" data-end=\"223\">\u00dcr\u00fcn Detay\u0131<\/h3>\n<p class=\"\" data-start=\"225\" data-end=\"569\"><strong data-start=\"225\" data-end=\"257\">TT Serisi 27G Plastik Dar U\u00e7<\/strong>, yap\u0131\u015ft\u0131r\u0131c\u0131lar, \u00e7\u00f6z\u00fcc\u00fcler ve di\u011fer ak\u0131\u015fkanlar\u0131n hassas dozajlamas\u0131 i\u00e7in tasarlanm\u0131\u015ft\u0131r. Konik yap\u0131s\u0131, ak\u0131\u015fkan \u00fczerindeki kesme kuvvetini azalt\u0131r ve t\u0131kanmay\u0131 \u00f6nleyerek p\u00fcr\u00fczs\u00fcz ve tutarl\u0131 bir ak\u0131\u015f sa\u011flar. Y\u00fcksek kaliteli plastikten \u00fcretilmi\u015f olup, end\u00fcstriyel, laboratuvar ve \u00fcretim uygulamalar\u0131 i\u00e7in idealdir.<\/p>\n<p>[\/vc_column_text][\/vc_column_inner][\/vc_row_inner]<\/div><\/div><\/div><\/div>[\/vc_column][\/vc_row]<\/p>\n<\/div>","protected":false},"excerpt":{"rendered":"<p>TT Serisi 27G Plastik Dar U\u00e7 (1\/2\u2033 \u2013 12,7 mm, 30 &#8230; <\/p>\n","protected":false},"featured_media":2355,"template":"","meta":[],"product_brand":[],"product_cat":[147],"product_tag":[],"class_list":{"0":"post-2404","1":"product","2":"type-product","3":"status-publish","4":"has-post-thumbnail","6":"product_cat-aksesuar","8":"first","9":"instock","10":"sale","11":"taxable","12":"shipping-taxable","13":"purchasable","14":"product-type-simple"},"lang":"tr","translations":{"tr":2404,"en":2270},"pll_sync_post":[],"_links":{"self":[{"href":"https:\/\/beespenser.com\/shop\/wp-json\/wp\/v2\/product\/2404","targetHints":{"allow":["GET"]}}],"collection":[{"href":"https:\/\/beespenser.com\/shop\/wp-json\/wp\/v2\/product"}],"about":[{"href":"https:\/\/beespenser.com\/shop\/wp-json\/wp\/v2\/types\/product"}],"wp:featuredmedia":[{"embeddable":true,"href":"https:\/\/beespenser.com\/shop\/wp-json\/wp\/v2\/media\/2355"}],"wp:attachment":[{"href":"https:\/\/beespenser.com\/shop\/wp-json\/wp\/v2\/media?parent=2404"}],"wp:term":[{"taxonomy":"product_brand","embeddable":true,"href":"https:\/\/beespenser.com\/shop\/wp-json\/wp\/v2\/product_brand?post=2404"},{"taxonomy":"product_cat","embeddable":true,"href":"https:\/\/beespenser.com\/shop\/wp-json\/wp\/v2\/product_cat?post=2404"},{"taxonomy":"product_tag","embeddable":true,"href":"https:\/\/beespenser.com\/shop\/wp-json\/wp\/v2\/product_tag?post=2404"}],"curies":[{"name":"wp","href":"https:\/\/api.w.org\/{rel}","templated":true}]}}