{"id":2403,"date":"2025-03-12T21:40:36","date_gmt":"2025-03-12T18:40:36","guid":{"rendered":"https:\/\/beespenser.com\/shop\/?post_type=product&#038;p=2377"},"modified":"2025-04-01T15:09:09","modified_gmt":"2025-04-01T12:09:09","slug":"polietilen-tereftalat-altlik","status":"publish","type":"product","link":"https:\/\/beespenser.com\/shop\/tr\/product\/polietilen-tereftalat-altlik\/","title":{"rendered":"Polietilen Tereftalat Altl\u0131k"},"content":{"rendered":"<div class=\"wpb-content-wrapper\"><p>[vc_row full_width=&#8221;stretch_row&#8221; el_class=&#8221;product-detail&#8221; css=&#8221;.vc_custom_1736641453503{background-color: #FFFFFF !important;}&#8221;][vc_column]<div id=\"cz_81050\" class=\"cz_81050 cz_tabs clr cz_tabs_htc\"><div class=\"cz_tabs_content\"><a class=\"cz_tab_a hide\" data-tab=\"cz_27874\" href=\"#\"><span class=\"cz_tab_in_title\">D\u00f6k\u00fcmanlar<\/span><\/a><div id=\"cz_27874\" class=\"cz_tab\"><div>[vc_row_inner][vc_column_inner][vc_column_text css=&#8221;&#8221;]<\/p>\n<p>D\u00f6k\u00fcmanlar<\/p>\n<p>Beespenser Monobee cihaz\u0131n\u0131z\u0131 etkili \u015fekilde anlaman\u0131za ve kullanman\u0131za yard\u0131mc\u0131 olacak detayl\u0131 kaynaklara eri\u015fin. A\u015fa\u011f\u0131daki butonlara t\u0131klayarak indirilebilir.<\/p>\n<p>Monobee Kullan\u0131m K\u0131lavuzu<br \/>\nMonobee cihaz\u0131n\u0131z\u0131 kurmak ve kullanmak i\u00e7in kapsaml\u0131 rehber.<br \/>\nD\u00f6k\u00fcman\u0131 G\u00f6r\u00fcnt\u00fcle<\/p>\n<p>Teknik \u00d6zellikler Sayfas\u0131<br \/>\nM\u00fchendisler ve ara\u015ft\u0131rmac\u0131lar i\u00e7in detayl\u0131 teknik bilgiler.<br \/>\nG\u00f6r\u00fcnt\u00fcle[\/vc_column_text][\/vc_column_inner][\/vc_row_inner]<\/div><\/div><a class=\"cz_tab_a hide\" data-tab=\"cz_29188\" href=\"#\"><span class=\"cz_tab_in_title\">Garanti ve Teslimat<\/span><\/a><div id=\"cz_29188\" class=\"cz_tab\"><div>[vc_row_inner][vc_column_inner][vc_column_text css=&#8221;&#8221;]<\/p>\n<p>Garanti ve Teslimat<br \/>\nGaranti:<br \/>\nBeespenser Monobee, 1 y\u0131l \u00fcretici garantisi ile birlikte gelir. Bu garanti, normal kullan\u0131m ko\u015fullar\u0131nda olu\u015fabilecek malzeme veya i\u015f\u00e7ilik hatalar\u0131n\u0131 kapsar. Talep \u00fczerine uzat\u0131lm\u0131\u015f garanti se\u00e7enekleri sunulabilir.<br \/>\nTeslimat:<br \/>\nStandart teslimat s\u00fcresi, sipari\u015f onay tarihinden itibaren 2-4 hafta aral\u0131\u011f\u0131ndad\u0131r. Acil ihtiya\u00e7lar i\u00e7in h\u0131zl\u0131 g\u00f6nderim se\u00e7enekleri mevcuttur. T\u00fcm g\u00f6nderimler, cihaz\u0131n sa\u011flam \u015fekilde ula\u015fmas\u0131n\u0131 sa\u011flamak amac\u0131yla g\u00fcvenli ambalajla yap\u0131l\u0131r.<br \/>\nM\u00fc\u015fteri Deste\u011fi:<br \/>\nHer sat\u0131n al\u0131mda 7\/24 teknik destek ve ba\u015flang\u0131\u00e7 deste\u011fi sunulur. Uzman ekibimiz, Monobee\u2019yi en iyi \u015fekilde kullanman\u0131z i\u00e7in her zaman yan\u0131n\u0131zdad\u0131r.<\/p>\n<p>[\/vc_column_text][\/vc_column_inner][\/vc_row_inner]<\/div><\/div><a class=\"cz_tab_a hide\" data-tab=\"cz_32655\" href=\"#\"><span class=\"cz_tab_in_title\">Teknik Bilgiler<\/span><\/a><div id=\"cz_32655\" class=\"cz_tab\"><div>[vc_row_inner][vc_column_inner][vc_column_text css=&#8221;&#8221;]<\/p>\n<h3 class=\"\" data-start=\"262\" data-end=\"282\">Kutu \u0130\u00e7eri\u011fi<\/h3>\n<ul data-start=\"284\" data-end=\"339\" data-is-last-node=\"\" data-is-only-node=\"\">\n<li class=\"\" data-start=\"284\" data-end=\"339\">\n<p class=\"\" data-start=\"286\" data-end=\"339\">A4 boyutunda 100 \u00b5m PET film<\/p>\n<\/li>\n<\/ul>\n<p>[\/vc_column_text][\/vc_column_inner][\/vc_row_inner]<\/div><\/div><a class=\"cz_tab_a hide\" data-tab=\"cz_82103\" href=\"#\"><span class=\"cz_tab_in_title\">\u00dcr\u00fcn Detay\u0131<\/span><\/a><div id=\"cz_82103\" class=\"cz_tab\"><div>[vc_row_inner][vc_column_inner][vc_column_text css=&#8221;&#8221;]<\/p>\n<h3 class=\"\" data-start=\"35\" data-end=\"54\">\u00dcr\u00fcn Detay\u0131<\/h3>\n<p class=\"\" data-start=\"56\" data-end=\"255\">PET A4 x 100 \u00b5m<\/p>\n<p>[\/vc_column_text][\/vc_column_inner][\/vc_row_inner]<\/div><\/div><\/div><\/div>[\/vc_column][\/vc_row]<\/p>\n<\/div>","protected":false},"excerpt":{"rendered":"[vc_row full_width=\"stretch_row\" el_class=\"product-detail\" css=\".vc_custom_1736641453503{background-color: #FFFFFF !important;}\"][vc_column]D\u00f6k\u00fcmanlar[vc_row_inner][vc_column_inner][vc_column_text css=\"\"] D\u00f6k\u00fcmanlar Beespenser Monobee cihaz\u0131n\u0131z\u0131 etkili \u015fekilde anlaman\u0131za ve kullanman\u0131za yard\u0131mc\u0131 olacak detayl\u0131 kaynaklara","protected":false},"featured_media":2378,"template":"","meta":[],"product_brand":[],"product_cat":[147],"product_tag":[],"class_list":{"0":"post-2403","1":"product","2":"type-product","3":"status-publish","4":"has-post-thumbnail","6":"product_cat-aksesuar","8":"first","9":"outofstock","10":"sale","11":"taxable","12":"shipping-taxable","13":"purchasable","14":"product-type-simple"},"lang":"tr","translations":{"tr":2403,"en":2377},"pll_sync_post":[],"_links":{"self":[{"href":"https:\/\/beespenser.com\/shop\/wp-json\/wp\/v2\/product\/2403","targetHints":{"allow":["GET"]}}],"collection":[{"href":"https:\/\/beespenser.com\/shop\/wp-json\/wp\/v2\/product"}],"about":[{"href":"https:\/\/beespenser.com\/shop\/wp-json\/wp\/v2\/types\/product"}],"wp:featuredmedia":[{"embeddable":true,"href":"https:\/\/beespenser.com\/shop\/wp-json\/wp\/v2\/media\/2378"}],"wp:attachment":[{"href":"https:\/\/beespenser.com\/shop\/wp-json\/wp\/v2\/media?parent=2403"}],"wp:term":[{"taxonomy":"product_brand","embeddable":true,"href":"https:\/\/beespenser.com\/shop\/wp-json\/wp\/v2\/product_brand?post=2403"},{"taxonomy":"product_cat","embeddable":true,"href":"https:\/\/beespenser.com\/shop\/wp-json\/wp\/v2\/product_cat?post=2403"},{"taxonomy":"product_tag","embeddable":true,"href":"https:\/\/beespenser.com\/shop\/wp-json\/wp\/v2\/product_tag?post=2403"}],"curies":[{"name":"wp","href":"https:\/\/api.w.org\/{rel}","templated":true}]}}