{"id":2398,"date":"2024-11-04T08:53:47","date_gmt":"2024-11-04T08:53:47","guid":{"rendered":"https:\/\/xtratheme.com\/car-auto-parts\/?post_type=product&#038;p=1649"},"modified":"2026-02-24T16:55:21","modified_gmt":"2026-02-24T13:55:21","slug":"beespenser-monobee","status":"publish","type":"product","link":"https:\/\/beespenser.com\/shop\/tr\/product\/beespenser-monobee\/","title":{"rendered":"Beespenser Monobee"},"content":{"rendered":"<div class=\"wpb-content-wrapper\"><p>[vc_row full_width=&#8221;stretch_row&#8221; el_class=&#8221;product-detail&#8221; css=&#8221;.vc_custom_1736641453503{background-color: #FFFFFF !important;}&#8221;][vc_column]<div id=\"cz_81050\" class=\"cz_81050 cz_tabs clr cz_tabs_htc\"><div class=\"cz_tabs_content\"><a class=\"cz_tab_a hide\" data-tab=\"cz_27874\" href=\"#\"><span class=\"cz_tab_in_title\">D\u00f6k\u00fcmanlar<\/span><\/a><div id=\"cz_27874\" class=\"cz_tab\"><div>[vc_row_inner][vc_column_inner][vc_column_text css=&#8221;&#8221;]<\/p>\n<h3>D\u00f6k\u00fcmanlar<\/h3>\n<p>Beespenser Monobee cihaz\u0131n\u0131z\u0131 etkili \u015fekilde anlaman\u0131za ve kullanman\u0131za yard\u0131mc\u0131 olacak detayl\u0131 kaynaklara eri\u015fin. A\u015fa\u011f\u0131daki butonlara t\u0131klayarak indirilebilir.<\/p>\n<p><strong>Monobee Kullan\u0131m K\u0131lavuzu<\/strong><br \/>\nMonobee cihaz\u0131n\u0131z\u0131 kurmak ve kullanmak i\u00e7in kapsaml\u0131 rehber.<br \/>\n<a class=\"document-button\" href=\"#\">D\u00f6k\u00fcman\u0131 G\u00f6r\u00fcnt\u00fcle<\/a><\/p>\n<p><strong>Teknik \u00d6zellikler Sayfas\u0131<\/strong><br \/>\nM\u00fchendisler ve ara\u015ft\u0131rmac\u0131lar i\u00e7in detayl\u0131 teknik bilgiler.<br \/>\n<a class=\"link-button\" href=\"#\">G\u00f6r\u00fcnt\u00fcle<\/a>[\/vc_column_text][\/vc_column_inner][\/vc_row_inner]<\/div><\/div><a class=\"cz_tab_a hide\" data-tab=\"cz_29188\" href=\"#\"><span class=\"cz_tab_in_title\">Garanti ve Teslimat<\/span><\/a><div id=\"cz_29188\" class=\"cz_tab\"><div>[vc_row_inner][vc_column_inner][vc_column_text css=&#8221;&#8221;]<\/p>\n<h3>Garanti ve Teslimat<\/h3>\n<ul>\n<li><strong>Garanti:<\/strong><br \/>\nBeespenser Monobee, 2<strong>\u00a0y\u0131l \u00fcretici garantisi<\/strong> ile birlikte gelir. Bu garanti, normal kullan\u0131m ko\u015fullar\u0131nda olu\u015fabilecek malzeme veya i\u015f\u00e7ilik hatalar\u0131n\u0131 kapsar. Talep \u00fczerine uzat\u0131lm\u0131\u015f garanti se\u00e7enekleri sunulabilir.<\/li>\n<li><strong>Teslimat:<\/strong><br \/>\n\u00d6deme i\u015flemlerinin ard\u0131ndan 2 ay i\u00e7erisinde teslimatlar ger\u00e7ekle\u015fecektir.<\/li>\n<li><strong>M\u00fc\u015fteri Deste\u011fi:<\/strong><br \/>\nHer sat\u0131n al\u0131mda <strong>7\/24 teknik destek<\/strong> ve ba\u015flang\u0131\u00e7 deste\u011fi sunulur. Uzman ekibimiz, Monobee\u2019yi en iyi \u015fekilde kullanman\u0131z i\u00e7in her zaman yan\u0131n\u0131zdad\u0131r.<\/li>\n<\/ul>\n<p>[\/vc_column_text][\/vc_column_inner][\/vc_row_inner]<\/div><\/div><a class=\"cz_tab_a hide\" data-tab=\"cz_32655\" href=\"#\"><span class=\"cz_tab_in_title\">Teknik Bilgiler<\/span><\/a><div id=\"cz_32655\" class=\"cz_tab\"><div>[vc_row_inner][vc_column_inner][vc_column_text css=&#8221;&#8221;]<\/p>\n<table>\n<thead>\n<tr>\n<th>\u00d6ZELL\u0130K<\/th>\n<th>DETAYLAR<\/th>\n<\/tr>\n<\/thead>\n<tbody>\n<tr>\n<td><strong>Hareket Hassasiyeti<\/strong><\/td>\n<td><strong>10 \u00b5m<\/strong><\/td>\n<\/tr>\n<tr>\n<td><strong>Katman Kal\u0131nl\u0131\u011f\u0131<\/strong><\/td>\n<td><strong>~100 \u00b5m<\/strong><\/td>\n<\/tr>\n<tr>\n<td><strong>Altl\u0131k Boyutlar\u0131<\/strong><\/td>\n<td><strong>220 mm x 220 mm<\/strong><\/td>\n<\/tr>\n<tr>\n<td><strong>Desteklenen Malzemeler<\/strong><\/td>\n<td>Esnek (Poliimid, PET, TPU) ve sert (FR4, cam) y\u00fczeyler<\/td>\n<\/tr>\n<tr>\n<td><strong>M\u00fcrekkep Uyumlulu\u011fu<\/strong><\/td>\n<td>\u0130letken m\u00fcrekkepler (g\u00fcm\u00fc\u015f, bak\u0131r, karbon nanot\u00fcpler)<\/td>\n<\/tr>\n<tr>\n<td><strong>Ba\u011flant\u0131 Se\u00e7enekleri<\/strong><\/td>\n<td>USB<\/td>\n<\/tr>\n<tr>\n<td><strong>Desteklenen Formatlar<\/strong><\/td>\n<td>Gerber<\/td>\n<\/tr>\n<tr>\n<td><strong>G\u00fc\u00e7 Kayna\u011f\u0131<\/strong><\/td>\n<td>AC 220V<\/td>\n<\/tr>\n<tr>\n<td><strong>Cihaz Boyutlar\u0131<\/strong><\/td>\n<td>50 cm x 40 cm x 25 cm<\/td>\n<\/tr>\n<tr>\n<td><strong>Cihaz A\u011f\u0131rl\u0131\u011f\u0131<\/strong><\/td>\n<td>19 kg<\/td>\n<\/tr>\n<tr>\n<td><\/td>\n<td><\/td>\n<\/tr>\n<\/tbody>\n<\/table>\n<p>[\/vc_column_text][\/vc_column_inner][\/vc_row_inner]<\/div><\/div><a class=\"cz_tab_a hide\" data-tab=\"cz_82103\" href=\"#\"><span class=\"cz_tab_in_title\">\u00dcr\u00fcn Detay\u0131<\/span><\/a><div id=\"cz_82103\" class=\"cz_tab\"><div>[vc_row_inner][vc_column_inner][vc_column_text css=&#8221;&#8221;]<\/p>\n<h3>\u00dcr\u00fcn Detay\u0131<\/h3>\n<p>Beespenser Monobee, elektronik devrelerin prototiplenme \u015feklini d\u00f6n\u00fc\u015ft\u00fcrmek \u00fczere tasarlanm\u0131\u015f son teknoloji bir cihazd\u0131r. En yeni eklemeli \u00fcretim teknolojisi ile kullan\u0131c\u0131 dostu yaz\u0131l\u0131m\u0131 bir araya getiren Monobee, m\u00fchendislerin, ara\u015ft\u0131rmac\u0131lar\u0131n ve yenilik\u00e7ilerin y\u00fcksek hassasiyetli devreleri h\u0131zl\u0131 ve maliyet etkin bir \u015fekilde \u00fcretmelerine olanak tan\u0131r.<\/p>\n<p>Kompakt tasar\u0131m\u0131, \u00e7evre dostu yakla\u015f\u0131m\u0131 ve esnek uyumlulu\u011fu sayesinde giyilebilir teknolojiler, medikal cihazlar, IoT ve daha bir\u00e7ok end\u00fcstri i\u00e7in ideal bir \u00e7\u00f6z\u00fcmd\u00fcr.[\/vc_column_text][\/vc_column_inner][\/vc_row_inner]<\/div><\/div><\/div><\/div>[\/vc_column][\/vc_row]<\/p>\n<\/div>","protected":false},"excerpt":{"rendered":"<p>Beespenser, benzersiz h\u0131z ve \u00e7ok y\u00f6nl\u00fcl\u00fckle PCB \u00fcretimini yeniden tan\u0131ml\u0131yor; farkl\u0131 &#8230; <\/p>\n","protected":false},"featured_media":2520,"template":"","meta":[],"product_brand":[],"product_cat":[124],"product_tag":[],"class_list":{"0":"post-2398","1":"product","2":"type-product","3":"status-publish","4":"has-post-thumbnail","6":"product_cat-ana-urunler","8":"first","9":"instock","10":"sale","11":"taxable","12":"shipping-taxable","13":"purchasable","14":"product-type-simple"},"lang":"tr","translations":{"tr":2398,"en":1649},"pll_sync_post":[],"_links":{"self":[{"href":"https:\/\/beespenser.com\/shop\/wp-json\/wp\/v2\/product\/2398","targetHints":{"allow":["GET"]}}],"collection":[{"href":"https:\/\/beespenser.com\/shop\/wp-json\/wp\/v2\/product"}],"about":[{"href":"https:\/\/beespenser.com\/shop\/wp-json\/wp\/v2\/types\/product"}],"wp:featuredmedia":[{"embeddable":true,"href":"https:\/\/beespenser.com\/shop\/wp-json\/wp\/v2\/media\/2520"}],"wp:attachment":[{"href":"https:\/\/beespenser.com\/shop\/wp-json\/wp\/v2\/media?parent=2398"}],"wp:term":[{"taxonomy":"product_brand","embeddable":true,"href":"https:\/\/beespenser.com\/shop\/wp-json\/wp\/v2\/product_brand?post=2398"},{"taxonomy":"product_cat","embeddable":true,"href":"https:\/\/beespenser.com\/shop\/wp-json\/wp\/v2\/product_cat?post=2398"},{"taxonomy":"product_tag","embeddable":true,"href":"https:\/\/beespenser.com\/shop\/wp-json\/wp\/v2\/product_tag?post=2398"}],"curies":[{"name":"wp","href":"https:\/\/api.w.org\/{rel}","templated":true}]}}